{"id":61,"date":"2024-04-03T16:46:31","date_gmt":"2024-04-03T16:46:31","guid":{"rendered":"https:\/\/arinay.es\/?page_id=61"},"modified":"2025-06-19T16:49:42","modified_gmt":"2025-06-19T16:49:42","slug":"decoracion","status":"publish","type":"page","link":"https:\/\/arinay.es\/index.php\/decoracion\/","title":{"rendered":"Decoraci\u00f3n"},"content":{"rendered":"\n<div class=\"wp-block-media-text is-stacked-on-mobile\"><figure class=\"wp-block-media-text__media\"><img fetchpriority=\"high\" decoding=\"async\" width=\"1024\" height=\"792\" src=\"https:\/\/arinay.es\/wp-content\/uploads\/2024\/08\/IMG_20240809_121718-1-1024x792.jpg\" alt=\"\" class=\"wp-image-232 size-full\" srcset=\"https:\/\/arinay.es\/wp-content\/uploads\/2024\/08\/IMG_20240809_121718-1-1024x792.jpg 1024w, https:\/\/arinay.es\/wp-content\/uploads\/2024\/08\/IMG_20240809_121718-1-300x232.jpg 300w, https:\/\/arinay.es\/wp-content\/uploads\/2024\/08\/IMG_20240809_121718-1-768x594.jpg 768w, https:\/\/arinay.es\/wp-content\/uploads\/2024\/08\/IMG_20240809_121718-1-1536x1188.jpg 1536w, https:\/\/arinay.es\/wp-content\/uploads\/2024\/08\/IMG_20240809_121718-1-2048x1584.jpg 2048w\" sizes=\"(max-width: 1024px) 100vw, 1024px\" \/><\/figure><div class=\"wp-block-media-text__content\">\n<h5 class=\"wp-block-heading\">Disponemos de art\u00edculos de decoraci\u00f3n de todos los estilos, as\u00ed como una peque\u00f1a secci\u00f3n de ropa de cama.<\/h5>\n\n\n\n<h5 class=\"wp-block-heading\">Nos gusta cuidar cada detalle y acompa\u00f1ar y asesorar a cada cliente con cada una de sus necesidades.<\/h5>\n<\/div><\/div>\n\n\n\n<p><img decoding=\"async\" sizes=\"(max-width: 1024px) 100vw, 1024px\" srcset=\"https:\/\/arinay.es\/wp-content\/uploads\/2024\/08\/IMG-20240313-WA0001-1024x768.jpg 1024w, https:\/\/arinay.es\/wp-content\/uploads\/2024\/08\/IMG-20240313-WA0001-300x225.jpg 300w, https:\/\/arinay.es\/wp-content\/uploads\/2024\/08\/IMG-20240313-WA0001-768x576.jpg 768w, https:\/\/arinay.es\/wp-content\/uploads\/2024\/08\/IMG-20240313-WA0001-1536x1152.jpg 1536w, https:\/\/arinay.es\/wp-content\/uploads\/2024\/08\/IMG-20240313-WA0001.jpg 1600w\" width=\"1024\" height=\"768\" src=\"https:\/\/arinay.es\/wp-content\/uploads\/2024\/08\/IMG-20240313-WA0001-1024x768.jpg\" alt=\"\"><\/p>\n","protected":false},"excerpt":{"rendered":"<p>Disponemos de art\u00edculos de decoraci\u00f3n de todos los estilos, as\u00ed como una peque\u00f1a secci\u00f3n de ropa de cama. Nos gusta cuidar cada detalle y acompa\u00f1ar y asesorar a cada cliente con cada una de sus necesidades.<\/p>\n","protected":false},"author":1,"featured_media":0,"parent":0,"menu_order":0,"comment_status":"closed","ping_status":"closed","template":"","meta":{"ocean_post_layout":"","ocean_both_sidebars_style":"","ocean_both_sidebars_content_width":0,"ocean_both_sidebars_sidebars_width":0,"ocean_sidebar":"","ocean_second_sidebar":"","ocean_disable_margins":"enable","ocean_add_body_class":"","ocean_shortcode_before_top_bar":"","ocean_shortcode_after_top_bar":"","ocean_shortcode_before_header":"","ocean_shortcode_after_header":"","ocean_has_shortcode":"","ocean_shortcode_after_title":"","ocean_shortcode_before_footer_widgets":"","ocean_shortcode_after_footer_widgets":"","ocean_shortcode_before_footer_bottom":"","ocean_shortcode_after_footer_bottom":"","ocean_display_top_bar":"default","ocean_display_header":"default","ocean_header_style":"","ocean_center_header_left_menu":"","ocean_custom_header_template":"","ocean_custom_logo":0,"ocean_custom_retina_logo":0,"ocean_custom_logo_max_width":0,"ocean_custom_logo_tablet_max_width":0,"ocean_custom_logo_mobile_max_width":0,"ocean_custom_logo_max_height":0,"ocean_custom_logo_tablet_max_height":0,"ocean_custom_logo_mobile_max_height":0,"ocean_header_custom_menu":"","ocean_menu_typo_font_family":"","ocean_menu_typo_font_subset":"","ocean_menu_typo_font_size":0,"ocean_menu_typo_font_size_tablet":0,"ocean_menu_typo_font_size_mobile":0,"ocean_menu_typo_font_size_unit":"px","ocean_menu_typo_font_weight":"","ocean_menu_typo_font_weight_tablet":"","ocean_menu_typo_font_weight_mobile":"","ocean_menu_typo_transform":"","ocean_menu_typo_transform_tablet":"","ocean_menu_typo_transform_mobile":"","ocean_menu_typo_line_height":0,"ocean_menu_typo_line_height_tablet":0,"ocean_menu_typo_line_height_mobile":0,"ocean_menu_typo_line_height_unit":"","ocean_menu_typo_spacing":0,"ocean_menu_typo_spacing_tablet":0,"ocean_menu_typo_spacing_mobile":0,"ocean_menu_typo_spacing_unit":"","ocean_menu_link_color":"","ocean_menu_link_color_hover":"","ocean_menu_link_color_active":"","ocean_menu_link_background":"","ocean_menu_link_hover_background":"","ocean_menu_link_active_background":"","ocean_menu_social_links_bg":"","ocean_menu_social_hover_links_bg":"","ocean_menu_social_links_color":"","ocean_menu_social_hover_links_color":"","ocean_disable_title":"default","ocean_disable_heading":"default","ocean_post_title":"","ocean_post_subheading":"","ocean_post_title_style":"","ocean_post_title_background_color":"","ocean_post_title_background":0,"ocean_post_title_bg_image_position":"","ocean_post_title_bg_image_attachment":"","ocean_post_title_bg_image_repeat":"","ocean_post_title_bg_image_size":"","ocean_post_title_height":0,"ocean_post_title_bg_overlay":0.5,"ocean_post_title_bg_overlay_color":"","ocean_disable_breadcrumbs":"default","ocean_breadcrumbs_color":"","ocean_breadcrumbs_separator_color":"","ocean_breadcrumbs_links_color":"","ocean_breadcrumbs_links_hover_color":"","ocean_display_footer_widgets":"default","ocean_display_footer_bottom":"default","ocean_custom_footer_template":"","_joinchat":[],"footnotes":""},"_links":{"self":[{"href":"https:\/\/arinay.es\/index.php\/wp-json\/wp\/v2\/pages\/61"}],"collection":[{"href":"https:\/\/arinay.es\/index.php\/wp-json\/wp\/v2\/pages"}],"about":[{"href":"https:\/\/arinay.es\/index.php\/wp-json\/wp\/v2\/types\/page"}],"author":[{"embeddable":true,"href":"https:\/\/arinay.es\/index.php\/wp-json\/wp\/v2\/users\/1"}],"replies":[{"embeddable":true,"href":"https:\/\/arinay.es\/index.php\/wp-json\/wp\/v2\/comments?post=61"}],"version-history":[{"count":13,"href":"https:\/\/arinay.es\/index.php\/wp-json\/wp\/v2\/pages\/61\/revisions"}],"predecessor-version":[{"id":417,"href":"https:\/\/arinay.es\/index.php\/wp-json\/wp\/v2\/pages\/61\/revisions\/417"}],"wp:attachment":[{"href":"https:\/\/arinay.es\/index.php\/wp-json\/wp\/v2\/media?parent=61"}],"curies":[{"name":"wp","href":"https:\/\/api.w.org\/{rel}","templated":true}]}}